{"id":5054,"date":"2019-02-19T12:28:14","date_gmt":"2019-02-19T10:28:14","guid":{"rendered":"https:\/\/www.decoarchitects.ro\/?page_id=5054"},"modified":"2019-03-06T11:56:26","modified_gmt":"2019-03-06T09:56:26","slug":"politica-de-cookie-uri","status":"publish","type":"page","link":"https:\/\/www.decoarchitects.ro\/ro\/politica-de-cookie-uri\/","title":{"rendered":"Politic\u0103 de cookie-uri"},"content":{"rendered":"<h3>CUPRINS:<\/h3>\n<ul>\n<li><strong>Ce este un \u201ecookie\u201d?<\/strong><\/li>\n<li><strong>Care sunt avantajele cookie-urilor?<\/strong><\/li>\n<li><strong>De ce folosim cookie-uri?<\/strong><\/li>\n<li><strong>Cum sunt folosite cookie-urile de c\u0103tre acest site?<\/strong><\/li>\n<li><strong>Ce tip de informa\u021bii sunt stocate \u0219i accesate prin intermediul cookie-urilor?<\/strong><\/li>\n<li><strong>De ce sunt cookie-urile importante pentru Internet?<\/strong><\/li>\n<li><strong>Securitate \u0219i probleme legate de confiden\u021bialitate?<\/strong><\/li>\n<li><strong>Cum pot opri cookie-urile?<\/strong><\/li>\n<\/ul>\n<p>Siguran\u021ba datelor dumneavoastr\u0103 este cea mai important\u0103 pentru noi, de aceea trat\u0103m cu seriozitate orice aspect privind protec\u021bia datelor dumneavoastr\u0103.<\/p>\n<p>\u00cencep\u00e2nd cu data de 25 mai 2018 a fost pus \u00een aplicare Regulamentul (UE) 679\/2016 privind protec\u021bia persoanelor fizice \u00een ceea ce prive\u0219te prelucrarea datelor cu caracter personal \u0219i privind libera circula\u021bie a acestor date \u0219i de abrogare a Directivei 95\/46\/CE (Regulamentul general privind protec\u021bia datelor) cunoscut ca GDPR (General Data Protection Regulation). Asta \u00eenseamn\u0103 c\u0103 orice operator\/entitate care prelucreaz\u0103 date cu caracter personal trebuie s\u0103 aplice aceste noi cerin\u021be \u0219i s\u0103 ofere \u00eentr-un mod transparent informa\u021bii cu privire la modul \u00een care sunt prelucrate datele.<\/p>\n<p>Av\u00e2nd \u00een vedere necesitatea conform\u0103rii cu dispozi\u021biile GDPR, precum \u0219i faptul c\u0103 suntem dedica\u021bi \u00een a avea grij\u0103 de datele dumneavoastr\u0103 cu caracter personal (care pot include nume, prenume, adresa e-mail, s.a. \u00een func\u021bie de scopul prelucr\u0103rii) care se reg\u0103sesc \u00een baza noastr\u0103 de date, v\u0103 inform\u0103m c\u0103 acestea sunt utilizate doar \u00een scopul \u00eendeplinirii cu succes a proceselor desf\u0103\u0219urate \u00een rela\u021bia cu dumneavoastr\u0103 (amintim c\u00e2teva procese f\u0103r\u0103 a ne limita la acestea: rezervare\/v\u00e2nzare\/derulare comenzi, transport \u0219i livr\u0103ri, \u00eentre\u021binerea rela\u021biilor cu clien\u021bii).<\/p>\n<p>Pentru a v\u0103 \u00eembun\u0103t\u0103\u021bi experien\u021ba de navigare online, folosim cookie-uri care faciliteaz\u0103 utilizarea site-ului <a href=\"https:\/\/www.decoarchitects.ro\/\">http:\/\/www.decoarchitects.ro<\/a> de c\u0103tre vizitatori. Lista complet\u0103 de cookie-uri de la ter\u021bi poate fi consultat\u0103 mai jos.<\/p>\n<hr \/>\n<h3>1. CE ESTE UN \u201eCOOKIE\u201d?<\/h3>\n<p>Un \u201eInternet Cookie\u201d (termen cunoscut \u0219i ca \u201ebrowser cookie\u201d sau \u201eHTTP cookie\u201d sau pur \u0219i simplu \u201ecookie\u201d ) este un fi\u0219ier de mici dimensiuni, format din litere \u0219i numere, care este stocat pe computerul, terminalul mobil sau alte echipamente ale unui utilizator de pe care se acceseaz\u0103 Internetul. Cookie-ul este instalat prin solicitarea emis\u0103 de un server web c\u0103tre un browser (ex: Internet Explorer, Google Chrome, Mozilla Firefox) \u0219i este complet \u201epasiv\u201d (nu con\u021bine programe software, viru\u0219i sau spyware \u0219i nu poate accesa informa\u021biile de pe hard drive-ul utilizatorului).<\/p>\n<p>Un cookie este format din dou\u0103 par\u021bi: numele \u0219i con\u021binutul sau valoarea cookie-ului. Mai mult, durata de existen\u021b\u0103 a unui cookie este determinata; tehnic, doar serverul care a trimis cookie-ul \u00eel poate accesa din nou \u00een momentul \u00een care un utilizator se \u00eentoarce pe site-ul asociat serverului web.<\/p>\n<p>Cookie-urile joac\u0103 un rol important \u00een facilitarea accesului \u0219i livr\u0103rii multiplelor servicii de care utilizatorul se bucur\u0103 pe Internet, cum ar fi:<\/p>\n<ul>\n<li>Personalizarea anumitor set\u0103ri precum: limba \u00een care este vizualizat un site, moneda \u00een care se exprima anumite pre\u021buri sau tarife, p\u0103strarea op\u021biunilor pentru diverse produse (cantitate, alte detalii etc).<\/li>\n<li>Cookie-urile ofer\u0103 de\u021bin\u0103torilor de site-uri un feedback valoros asupra modului cum sunt utilizate site-urile lor de c\u0103tre utilizatori, astfel \u00eenc\u00e2t s\u0103 le poat\u0103 face mai eficiente \u0219i mai accesibile pentru utilizatori.<\/li>\n<li>Permit aplica\u021biilor multimedia sau de alt tip de pe alte site-uri s\u0103 fie incluse \u00eentr-un anumit site pentru a crea o experien\u021b\u0103 de navigare mai valoroas\u0103, mai util\u0103 \u0219i mai placut\u0103.<\/li>\n<\/ul>\n<p>Cookie-urile \u00een sine nu solicita informa\u021bii cu caracter personal pentru a putea fi utilizate si, \u00een cele mai multe cazuri, nu identific\u0103 personal utilizatorii de internet.<\/p>\n<p>Exista dou\u0103 categorii mari de cookie-uri:<\/p>\n<ul>\n<li><strong>Cookie-uri de sesiune<\/strong> \u2013 acestea sunt stocate temporar \u00een dosarul de cookie-uri al browser-ului web pentru c\u0103 acesta s\u0103 le memoreze p\u00e2n\u0103 c\u00e2nd utilizatorul iese de pe web-siteul respectiv sau \u00eenchide fereastra browser-ului ( ex: \u00een momentul logarii\/delogarii pe un cont de webmail sau pe re\u021bele de socializare).<\/li>\n<li><strong>Cookie-uri persistente<\/strong> \u2013 Acestea sunt stocate pe hard-drive-ul unui computer sau echipament (\u0219i, \u00een general, depind de durata de via\u021b\u0103 prestabilita pentru cookie). Cookie-urile persistente le includ \u0219i pe cele plasate de un alt website dec\u00e2t cel pe care \u00eel viziteaz\u0103 utilizatorul la momentul respectiv \u2013 cunoscute sub numele de \u201ethird party cookies\u201d (cookie-uri plasate de ter\u021bi) \u2013 care pot fi folosite \u00een mod anonim pentru a memora interesele unui utilizator, astfel \u00eenc\u00e2t s\u0103 fie livrat\u0103 publicitate cat mai relevant\u0103 pentru utilizatori.<\/li>\n<\/ul>\n<hr \/>\n<h3>2. CARE SUNT AVANTAJELE COOKIE-URILOR?<\/h3>\n<p>Cookie-urile sunt administrate de serverele web. Durata de via\u021ba a unui cookie poate varia semnificativ, depinz\u00e2nd de scopul pentru care este plasat. Unele cookie-uri sunt folosite doar pentru o singur\u0103 sesiune (session cookies) \u0219i nu mai sunt re\u021binute odat\u0103 de utilizatorul a p\u0103r\u0103sit website-ul \u0219i unele cookie-uri sunt re\u021binute \u0219i refolosite de fiecare dat\u0103 c\u00e2nd utilizatorul revine pe acel website (\u201ecookie-uri permanente\u201d). Cu toate acestea, cookie-urile pot fi \u0219terse de un utilizator \u00een orice moment prin intermediul set\u0103rilor browser-ului.<\/p>\n<p>\u00cen general rolul, cookie-urilor este de a asigura o interac\u021biune rapid\u0103 \u0219i facil\u0103 intre utilizatori \u0219i site-urile web. De asemenea cookie-urile sunt folosite pentru ca utilizatorii s\u0103-\u0219i poat\u0103 relua cu u\u0219urin\u021b\u0103 activit\u0103\u021bile la urm\u0103toarele acces\u0103ri ale unui site web, vizitat anterior. Practic, cookie-urile spun serverului care sunt paginile ce trebuie afi\u0219ate utilizatorului, f\u0103r\u0103 c\u0103 acesta s\u0103 fie nevoit s\u0103-\u0219i aminteasc\u0103 paginile \u00een care a navigat sau s\u0103 navigheze \u00een \u00eentreg site-ul de la \u00eenceput.<\/p>\n<hr \/>\n<h3>3. DE CE FOLOSIM COOKIE-URI?<\/h3>\n<ul>\n<li>Pentru a recunoa\u0219te vizitatori noi \u00een site-ul <a href=\"https:\/\/www.decoarchitects.ro\/\">https:\/\/www.decoarchitects.ro\/<\/a>.<\/li>\n<li>Pentru a recunoa\u0219te vizitatorii din trecut.<\/li>\n<li>Pentru a \u00een\u021belege mai bine interesele clien\u021bilor no\u0219tri \u0219i ale vizitatorilor site-ului <a href=\"https:\/\/www.decoarchitects.ro\/\">https:\/\/www.decoarchitects.ro\/<\/a>.<\/li>\n<\/ul>\n<hr \/>\n<h3>4. CUM SUNT FOLOSITE COOKIE-URILE PE ACESTE SITE?<\/h3>\n<p><strong><em>Cookie de sesiune<\/em><\/strong><\/p>\n<p>Cookie-urile de sesiune sunt stocate \u00een dispozitivul utilizatorului \u00een timpul sesiunii de navigare. Acestea stocheaz\u0103 un identificator anonim de sesiune, permi\u021b\u00e2nd utilizatorului s\u0103 viziteze un site web f\u0103r\u0103 a fi necesar s\u0103 introduc\u0103 \u00een fiecare pagina informa\u021biile de identificare (nume de utilizator, parola, etc).<\/p>\n<p>Astfel de cookie-uri se folosesc frecvent \u00eentr-un magazin online \u0219i nu numai. Spre exemplu atunci c\u00e2nd utilizatorul viziteaz\u0103 o anumita pagina \u0219i selecteaz\u0103 anumite produse, cookie-ul re\u021bine produsele selectate \u0219i le adaug\u0103 \u00een co\u0219ul de cump\u0103r\u0103turi, care va con\u021bine toate produsele selectate \u00een momentul \u00een care utilizatorul dore\u0219te s\u0103 p\u0103r\u0103seasc\u0103 pagina.<\/p>\n<p>Cookie-urile de sesiune sunt stocate \u00een memoria dispozitivului doar pe durata unei sesiuni de navigare pe internet \u0219i sunt eliminate c\u00e2nd browser-ul este \u00eenchis. De asemenea, pot deveni inaccesibile \u0219i daca sesiunea a fost inactiva pentru o anumita perioada de timp.<\/p>\n<p>&nbsp;<\/p>\n<p><strong>Cookie-uri proprii (First-Party Cookies):<\/strong><\/p>\n<p><strong>moove_gdpr_popup<\/strong><br \/>\n<strong>Surs\u0103:<\/strong> Componenta de GDPR<br \/>\n<strong>Persisten\u021b\u0103:<\/strong> 1 an<br \/>\n<strong>Rol:<\/strong> Cookie-ul folosit pentru a memora preferin\u021bele de utilizare a cookie-urilor.<\/p>\n<p><strong>_icl_current_language<\/strong><br \/>\n<strong>Surs\u0103:<\/strong> Componenta WPML<br \/>\n<strong>Persisten\u021b\u0103:<\/strong> 24 ore<br \/>\n<strong>Rol:<\/strong> Cookie-ul folosit pentru a memora preferin\u021bele de afi\u0219are a site-ului \u00een limba rom\u00e2n\u0103 sau \u00een limba englez\u0103.<\/p>\n<p>&nbsp;<\/p>\n<p><strong>Cookie-uri de la ter\u021bi (Third-Party Cookies):<\/strong><\/p>\n<p><strong>_ga<\/strong><br \/>\n<strong>Surs\u0103:<\/strong> Google Analytics<br \/>\n<strong>Persisten\u021b\u0103:<\/strong> 2 ani<br \/>\n<strong>Rol:<\/strong> Re\u021bine informa\u021bii anonime despre interac\u021biunea utilizatorului cu site-ul (de exemplu, timpul \u0219i data interac\u021biunii cu diverse materiale de marketing sau pagini care au adus utilizatorul pe site). Detalii: <a href=\"https:\/\/policies.google.com\/technologies\/types\">https:\/\/policies.google.com\/technologies\/types<\/a><\/p>\n<p><strong>_gid<\/strong><br \/>\n<strong>Surs\u0103:<\/strong> Google Analytics<br \/>\n<strong>Persisten\u021b\u0103:<\/strong> 24 ore<br \/>\n<strong>Rol:<\/strong> Re\u021bine informa\u021bii anonime despre interac\u021biunea utilizatorului cu site-ul (de exemplu, timpul \u0219i data interac\u021biunii cu diverse materiale de marketing sau pagini care au adus utilizatorul pe site). Detalii: <a href=\"https:\/\/policies.google.com\/technologies\/types\">https:\/\/policies.google.com\/technologies\/types<\/a><\/p>\n<p><strong>_gat<\/strong><br \/>\n<strong>Surs\u0103: Google Analytics<br \/>\nPersisten\u021b\u0103:<\/strong> 1 minut<br \/>\n<strong>Rol:<\/strong> Acest cookie este folosit de Google Tag Manager pentru a identifica utilizatorii \u0219i evenimentele de pe site \u0219i cum interac\u021bioneaz\u0103 ei cu site-ul nostru. Datele colectate sunt anonime. Detalii: <a href=\"https:\/\/policies.google.com\/technologies\/types\">https:\/\/policies.google.com\/technologies\/types<\/a><\/p>\n<hr \/>\n<h3>5. CE TIP DE INFORMA\u021aII SUNT STOCATE \u0218I ACCESATE PRIN INTERMEDIUL COOKIE-URILOR?<\/h3>\n<p>Cookie-urile p\u0103streaz\u0103 informa\u021bii \u00eentr-un fi\u0219ier text de mici dimensiuni care permit unui website s\u0103 recunoasc\u0103 un browser. Serverul web va recunoa\u0219te browser-ul p\u00e2n\u0103 c\u00e2nd cookie-ul expir\u0103 sau este \u0219ters. Cookie-ul stocheaz\u0103 informa\u021bii importante care \u00eembun\u0103t\u0103\u021besc experien\u021ba de navigare pe Internet (de exemplu: id-ul sesiunii de utilizator, pagina de referral, timpul -curent, etc).<\/p>\n<hr \/>\n<h3>6. DE CE SUNT COOKIE-URILE IMPORTANTE PENTRU INTERNET?<\/h3>\n<p>Cookie-urile reprezint\u0103 punctul central al func\u021bion\u0103rii eficiente a Internetului, ajut\u00e2nd la generarea unei experien\u021be de navigare prietenoase \u0219i adaptata preferin\u021belor \u0219i intereselor fiec\u0103rui utilizator. Refuzarea sau dezactivarea cookie-urilor poate face unele site-uri imposibil de folosit. Refuzarea sau dezactivarea cookie-urilor nu \u00eenseamn\u0103 c\u0103 nu ve\u021bi mai primi publicitate online \u2013 ci doar c\u0103 aceasta nu va mai putea tine cont de preferin\u021bele \u0219i interesele dumneavoastr\u0103, eviden\u021biate prin comportamentul de navigare.<\/p>\n<p>Exemple de \u00eentrebuin\u021b\u0103ri importante ale cookie-urilor (care nu necesita autentificarea unui utilizator prin intermediul unui cont):<\/p>\n<ul>\n<li>Con\u021binut \u0219i servicii adaptate preferin\u021belor utilizatorului.<\/li>\n<li>Oferte adaptate pe interesele utilizatorilor \u2013 preferin\u021bele de limb\u0103 (de exemplu, afi\u0219area rezultatelor c\u0103ut\u0103rilor \u00een limba rom\u00e2n\u0103).<\/li>\n<li>Furnizarea de publicitate mai relevanta pentru utilizator.<\/li>\n<li>M\u0103surarea, optimizare \u0219i caracteristicile de analytics \u2013 cum ar fi confirmarea unui anumit nivel de trafic pe un website, ce tip de con\u021binut este vizualizat \u0219i modul cum un utilizator ajunge pe un website (de exemplu: prin motoare de c\u0103utare, direct, din alte website-uri etc). Website-urile deruleaz\u0103 aceste analize a utiliz\u0103rii lor pentru a \u00eembun\u0103t\u0103\u021bi site-urile \u00een beneficiul utilizatorilor.<\/li>\n<\/ul>\n<hr \/>\n<h3>7. SECURITATE \u0218I PROBLEME LEGATE DE CONFIDEN\u021aIALITATE?<\/h3>\n<p>Cookie-urile NU sunt viru\u0219i! Ele folosesc formate tip \u201eplain text\u201d. Nu sunt alc\u0103tuite din buc\u0103\u021bi de cod a\u0219a c\u0103 nu pot fi executate nici nu pot auto-rula. \u00een consecin\u021b\u0103, nu se pot duplica sau replica pe alte re\u021bele pentru a se rula sau replica din nou. Deoarece nu pot \u00eendeplini aceste func\u021bii, nu pot fi considerate viru\u0219i. Cookie-urile pot fi totu\u0219i folosite pentru scopuri negative. Multe produse anti-spyware sunt con\u0219tiente de acest fapt \u0219i \u00een mod constant marcheaz\u0103 cookie-urile pentru a fi \u0219terse \u00een cadrul procedurilor de \u0219tergere\/scanare anti-virus\/anti-spyware.<\/p>\n<p>\u00cen general, browser-ele au integrate set\u0103ri de confiden\u021bialitate care furnizeaz\u0103 diferite nivele de acceptare a cookie-urilor, perioada de valabilitate \u0219i \u0219tergere automata dup\u0103 ce utilizatorul a vizitat un anumit site.<\/p>\n<p><a href=\"https:\/\/www.decoarchitects.ro\/\/politica-de-confidentialitate\/\"><strong>Consulta\u021bi politica de confiden\u021bialitate.<\/strong><\/a><\/p>\n<p>&nbsp;<\/p>\n<p><strong>P\u0103strarea datelor personale<\/strong><\/p>\n<p>Datele cu caracter personal stocate vor fi utilizate \u00een scopul derul\u0103rii contractelor \u0219i proces\u0103rii solicit\u0103rilor dumneavoastr\u0103. Ulterior finaliz\u0103rii derul\u0103rii contractului sau solicit\u0103rii dumneavoastr\u0103, datele sunt salvate \u021bin\u00e2nd cont de termenele de p\u0103strare conform legisla\u021biei fiscale \u0219i comerciale \u0219i acolo unde este cazul pe o durata necesara pentru protejarea drepturilor Operatorului.<\/p>\n<p>&nbsp;<\/p>\n<p><strong><em>Google Analytics<\/em><\/strong><\/p>\n<p>Folosim Google Analytics pentru a colecta informa\u021bii despre modul \u00een care vizitatorii utilizeaz\u0103 site-urile \u0219i aplica\u021biile noastre web. De exemplu, colectam detaliile precum sursa vizitei \u0219i num\u0103rul total de vizitatori pe site-ul \u0219i aplica\u021biile noastre. Acest lucru ne permite s\u0103 determinam eficienta campaniilor noastre de promovare \u0219i activitatea utilizatorilor pe site-urile \u0219i aplica\u021biile noastre.<\/p>\n<p>G\u0103si\u021bi mai multe detalii despre politica de confiden\u021bialitate Google Analytics aici: <a href=\"https:\/\/support.google.com\/analytics\/answer\/6004245?hl=en\">https:\/\/support.google.com<\/a><\/p>\n<hr \/>\n<h3>8. CUM POT OPRI COOKIE-URILE?<\/h3>\n<p>Dezactivarea \u0219i refuzul de a primi cookie-uri pot face anumite site-uri impracticabile sau dificil de vizitat \u0219i folosit. De asemenea, refuzul de a accepta cookie-uri nu \u00eenseamn\u0103 c\u0103 nu ve\u021bi mai primi\/vedea publicitate online.<\/p>\n<p>Este posibil\u0103 setarea din browser ca aceste cookie-uri s\u0103 nu mai fie acceptate sau po\u021bi seta browser-ul s\u0103 accepte cookie-uri de la un site anume.<\/p>\n<p>Unele browsere de navigare au func\u021bia &#8220;Nu urm\u0103ri&#8221; care permite utilizatorilor s\u0103 nu fie urm\u0103ri\u021bi \u00een timpul navig\u0103rii. Blocarea cookie-urilor sau folosirea modului \u201eNu urm\u0103ri\u201d pot bloca anumite func\u021bionalit\u0103\u021bi de pe site-urile noastre.<\/p>\n<p>Toate browserele moderne ofer\u0103 posibilitatea de a schimba set\u0103rile cookie-urilor. Aceste set\u0103ri se g\u0103sesc de regula \u00een \u201eop\u021biuni\u201d sau \u00een meniul de \u201epreferin\u021be\u201d al browserului.<\/p>\n<p>Pentru a \u00een\u021belege aceste set\u0103ri, urm\u0103toarele linkuri pot fi folositoare, altfel pute\u021bi folosi op\u021biunea \u201eajutor\u201d a browserului pentru mai multe detalii.<\/p>\n<ul>\n<li><a href=\"http:\/\/windows.microsoft.com\/ro-ro\/internet-explorer\/delete-manage-cookies#ie=ie-11\">Setari cookie-uri Internet Explorer<\/a>.<\/li>\n<li><a href=\"https:\/\/support.mozilla.org\/ro\/kb\/activarea-si-dezactivarea-cookie-urilor\">Setari cookie-uri Mozilla Firefox<\/a>.<\/li>\n<li><a href=\"https:\/\/support.google.com\/accounts\/answer\/61416?hl=ro\">Setari cookie-uri Chrome<\/a>.<\/li>\n<li><a href=\"https:\/\/support.apple.com\/ro-ro\/guide\/safari\/sfri11471\/mac\">Set\u0103ri cookie-uri Apple Safari<\/a>.<\/li>\n<\/ul>\n<p>&nbsp;<\/p>\n<p>Pentru a afla mai multe despre activarea\/dezactivarea sau \u0219tergerea cookie-urilor din browser pute\u021bi accesa aceasta pagina: <a href=\"http:\/\/www.allaboutcookies.org\/\">http:\/\/www.allaboutcookies.org\/<\/a><\/p>\n","protected":false},"excerpt":{"rendered":"<p>CUPRINS: Ce este un \u201ecookie\u201d? Care sunt avantajele cookie-urilor? De ce folosim cookie-uri? Cum sunt folosite cookie-urile de&#8230; <a class=\"excerpt-read-more\" href=\"https:\/\/www.decoarchitects.ro\/ro\/politica-de-cookie-uri\/\"><span>Continue Reading<\/span><\/a><\/p>\n","protected":false},"author":2,"featured_media":0,"parent":0,"menu_order":0,"comment_status":"closed","ping_status":"closed","template":"","meta":{"ub_ctt_via":"","footnotes":""},"featured_image_src":null,"yoast_head":"<!-- This site is optimized with the Yoast SEO plugin v21.5 - https:\/\/yoast.com\/wordpress\/plugins\/seo\/ -->\n<title>Politic\u0103 de cookie-uri - Deco Architects<\/title>\n<meta name=\"robots\" content=\"index, follow, max-snippet:-1, max-image-preview:large, max-video-preview:-1\" \/>\n<link rel=\"canonical\" href=\"https:\/\/www.decoarchitects.ro\/politica-de-cookie-uri\/\" \/>\n<meta name=\"twitter:card\" content=\"summary_large_image\" \/>\n<meta name=\"twitter:title\" content=\"Politic\u0103 de cookie-uri - Deco Architects\" \/>\n<meta name=\"twitter:description\" content=\"CUPRINS: Ce este un \u201ecookie\u201d? Care sunt avantajele cookie-urilor? De ce folosim cookie-uri? Cum sunt folosite cookie-urile de... Continue Reading\" \/>\n<meta name=\"twitter:label1\" content=\"Timp estimat pentru citire\" \/>\n\t<meta name=\"twitter:data1\" content=\"10 minute\" \/>\n<script type=\"application\/ld+json\" class=\"yoast-schema-graph\">{\"@context\":\"https:\/\/schema.org\",\"@graph\":[{\"@type\":\"WebPage\",\"@id\":\"https:\/\/www.decoarchitects.ro\/politica-de-cookie-uri\/\",\"url\":\"https:\/\/www.decoarchitects.ro\/politica-de-cookie-uri\/\",\"name\":\"Politic\u0103 de cookie-uri - Deco Architects\",\"isPartOf\":{\"@id\":\"https:\/\/www.decoarchitects.ro\/#website\"},\"datePublished\":\"2019-02-19T10:28:14+00:00\",\"dateModified\":\"2019-03-06T09:56:26+00:00\",\"breadcrumb\":{\"@id\":\"https:\/\/www.decoarchitects.ro\/politica-de-cookie-uri\/#breadcrumb\"},\"inLanguage\":\"ro-RO\",\"potentialAction\":[{\"@type\":\"ReadAction\",\"target\":[\"https:\/\/www.decoarchitects.ro\/politica-de-cookie-uri\/\"]}]},{\"@type\":\"BreadcrumbList\",\"@id\":\"https:\/\/www.decoarchitects.ro\/politica-de-cookie-uri\/#breadcrumb\",\"itemListElement\":[{\"@type\":\"ListItem\",\"position\":1,\"name\":\"Acas\u0103\",\"item\":\"https:\/\/www.decoarchitects.ro\/\"},{\"@type\":\"ListItem\",\"position\":2,\"name\":\"Politic\u0103 de cookie-uri\"}]},{\"@type\":\"WebSite\",\"@id\":\"https:\/\/www.decoarchitects.ro\/#website\",\"url\":\"https:\/\/www.decoarchitects.ro\/\",\"name\":\"Deco Architects\",\"description\":\"\",\"potentialAction\":[{\"@type\":\"SearchAction\",\"target\":{\"@type\":\"EntryPoint\",\"urlTemplate\":\"https:\/\/www.decoarchitects.ro\/?s={search_term_string}\"},\"query-input\":\"required name=search_term_string\"}],\"inLanguage\":\"ro-RO\"}]}<\/script>\n<!-- \/ Yoast SEO plugin. -->","yoast_head_json":{"title":"Politic\u0103 de cookie-uri - Deco Architects","robots":{"index":"index","follow":"follow","max-snippet":"max-snippet:-1","max-image-preview":"max-image-preview:large","max-video-preview":"max-video-preview:-1"},"canonical":"https:\/\/www.decoarchitects.ro\/politica-de-cookie-uri\/","twitter_card":"summary_large_image","twitter_title":"Politic\u0103 de cookie-uri - Deco Architects","twitter_description":"CUPRINS: Ce este un \u201ecookie\u201d? Care sunt avantajele cookie-urilor? De ce folosim cookie-uri? Cum sunt folosite cookie-urile de... Continue Reading","twitter_misc":{"Timp estimat pentru citire":"10 minute"},"schema":{"@context":"https:\/\/schema.org","@graph":[{"@type":"WebPage","@id":"https:\/\/www.decoarchitects.ro\/politica-de-cookie-uri\/","url":"https:\/\/www.decoarchitects.ro\/politica-de-cookie-uri\/","name":"Politic\u0103 de cookie-uri - Deco Architects","isPartOf":{"@id":"https:\/\/www.decoarchitects.ro\/#website"},"datePublished":"2019-02-19T10:28:14+00:00","dateModified":"2019-03-06T09:56:26+00:00","breadcrumb":{"@id":"https:\/\/www.decoarchitects.ro\/politica-de-cookie-uri\/#breadcrumb"},"inLanguage":"ro-RO","potentialAction":[{"@type":"ReadAction","target":["https:\/\/www.decoarchitects.ro\/politica-de-cookie-uri\/"]}]},{"@type":"BreadcrumbList","@id":"https:\/\/www.decoarchitects.ro\/politica-de-cookie-uri\/#breadcrumb","itemListElement":[{"@type":"ListItem","position":1,"name":"Acas\u0103","item":"https:\/\/www.decoarchitects.ro\/"},{"@type":"ListItem","position":2,"name":"Politic\u0103 de cookie-uri"}]},{"@type":"WebSite","@id":"https:\/\/www.decoarchitects.ro\/#website","url":"https:\/\/www.decoarchitects.ro\/","name":"Deco Architects","description":"","potentialAction":[{"@type":"SearchAction","target":{"@type":"EntryPoint","urlTemplate":"https:\/\/www.decoarchitects.ro\/?s={search_term_string}"},"query-input":"required name=search_term_string"}],"inLanguage":"ro-RO"}]}},"_links":{"self":[{"href":"https:\/\/www.decoarchitects.ro\/ro\/wp-json\/wp\/v2\/pages\/5054"}],"collection":[{"href":"https:\/\/www.decoarchitects.ro\/ro\/wp-json\/wp\/v2\/pages"}],"about":[{"href":"https:\/\/www.decoarchitects.ro\/ro\/wp-json\/wp\/v2\/types\/page"}],"author":[{"embeddable":true,"href":"https:\/\/www.decoarchitects.ro\/ro\/wp-json\/wp\/v2\/users\/2"}],"replies":[{"embeddable":true,"href":"https:\/\/www.decoarchitects.ro\/ro\/wp-json\/wp\/v2\/comments?post=5054"}],"version-history":[{"count":5,"href":"https:\/\/www.decoarchitects.ro\/ro\/wp-json\/wp\/v2\/pages\/5054\/revisions"}],"predecessor-version":[{"id":5102,"href":"https:\/\/www.decoarchitects.ro\/ro\/wp-json\/wp\/v2\/pages\/5054\/revisions\/5102"}],"wp:attachment":[{"href":"https:\/\/www.decoarchitects.ro\/ro\/wp-json\/wp\/v2\/media?parent=5054"}],"curies":[{"name":"wp","href":"https:\/\/api.w.org\/{rel}","templated":true}]}}