{"id":7092,"date":"2024-02-06T14:42:36","date_gmt":"2024-02-06T12:42:36","guid":{"rendered":"https:\/\/www.decoarchitects.ro\/?page_id=7092"},"modified":"2024-02-07T18:06:46","modified_gmt":"2024-02-07T16:06:46","slug":"media","status":"publish","type":"page","link":"https:\/\/www.decoarchitects.ro\/ro\/media\/","title":{"rendered":"Media"},"content":{"rendered":"<section class=\"wpb-content-wrapper\"><p>[vc_row full_width=&#8221;stretch_row_content_no_spaces&#8221; parallax=&#8221;content-moving-fade&#8221; parallax_image=&#8221;6745&#8243; css=&#8221;.vc_custom_1707321845215{padding-top: 100px !important;padding-bottom: 125px !important;}&#8221;][vc_column][vc_column_text css_animation=&#8221;fadeIn&#8221;]<div class=\"title-center\"><div class=\"dt-title-wrapper\"><h2 class=\"section-title\">MEDIA<\/h2><\/div><\/div>[\/vc_column_text][\/vc_column][\/vc_row][vc_row][vc_column][vc_tta_pageable][vc_tta_section title=&#8221;Section 1&#8243; tab_id=&#8221;1707123506915-a8286a62-9b05&#8243;][vc_hoverbox image=&#8221;6495&#8243; primary_title=&#8221;Capital.ro &#8211; Arhitectura \u00een era digitala aduce schimbari fundamentale \u00een experienta utilizatorului&#8221; primary_title_font_container=&#8221;color:%23ffffff&#8221; primary_title_google_fonts=&#8221;font_family:Abel%3Aregular|font_style:400%20regular%3A400%3Anormal&#8221; hover_title=&#8221;Arhitectura este \u00een plin proces de evolutie, la fel ca toate aspectele vie\u021bii moderne, datorita tehnologiilor aduse de era moderna si de standarde profesionale avansate.&#8221; hover_title_font_container=&#8221;color:%234103a5&#8243; hover_title_google_fonts=&#8221;font_family:Abel%3Aregular|font_style:400%20regular%3A400%3Anormal&#8221; use_custom_fonts_primary_title=&#8221;true&#8221; use_custom_fonts_hover_title=&#8221;true&#8221; primary_title_link=&#8221;url:https%3A%2F%2Fwww.capital.ro%2Fdeco-architects-arhitectura-in-era-digitala-aduce-schimbari-fundamentale-in-experienta-utilizatorului.html%3Ffbclid%3DIwAR159zZN7fsdKZ6G1skF5Sgi51Irw-wN6_HmNIRogwtZMQkZ14tqYakDE8Q&#8221; hover_title_link=&#8221;url:https%3A%2F%2Fwww.capital.ro%2Fdeco-architects-arhitectura-in-era-digitala-aduce-schimbari-fundamentale-in-experienta-utilizatorului.html%3Ffbclid%3DIwAR159zZN7fsdKZ6G1skF5Sgi51Irw-wN6_HmNIRogwtZMQkZ14tqYakDE8Q&#8221;]24 Ianuarie 2024[\/vc_hoverbox][vc_empty_space height=&#8221;10px&#8221;][vc_hoverbox image=&#8221;5926&#8243; primary_title=&#8221;Agenda Constructiilor &#8211; Deco Architects estimeaza o evolutie a activitatii in urmatorii 2 ani&#8221; primary_title_font_container=&#8221;color:%23ffffff&#8221; primary_title_google_fonts=&#8221;font_family:Abel%3Aregular|font_style:400%20regular%3A400%3Anormal&#8221; hover_title=&#8221;Echipa a facut progrese semnificative in domeniul BIM in ultimii ani, ceea ce a oferit instrumente precise pentru proiecte predictibile ca timp si cost.&#8221; hover_title_font_container=&#8221;color:%234103a5&#8243; hover_title_google_fonts=&#8221;font_family:Abel%3Aregular|font_style:400%20regular%3A400%3Anormal&#8221; use_custom_fonts_primary_title=&#8221;true&#8221; use_custom_fonts_hover_title=&#8221;true&#8221; primary_title_link=&#8221;url:https%3A%2F%2Fwww.agendaconstructiilor.ro%2Ffiles%2Farhitectura-proiectare%2Fdeco-architects-estimeaza-o-evolutie-a-activitatii-in-urmatorii-2-ani.html&#8221; hover_title_link=&#8221;url:https%3A%2F%2Fwww.agendaconstructiilor.ro%2Ffiles%2Farhitectura-proiectare%2Fdeco-architects-estimeaza-o-evolutie-a-activitatii-in-urmatorii-2-ani.html&#8221;]24 Noiembrie 2023[\/vc_hoverbox][vc_empty_space height=&#8221;10px&#8221;][vc_hoverbox image=&#8221;5729&#8243; primary_title=&#8221;Stirile ProTV &#8211; 5D \u00een arhitectura digitala. Care sunt celelalte doua dimensiuni fata de abordarea traditionala 3D?&#8221; primary_title_font_container=&#8221;color:%23ffffff&#8221; primary_title_google_fonts=&#8221;font_family:Abel%3Aregular|font_style:400%20regular%3A400%3Anormal&#8221; hover_title=&#8221;Traditional sau digital in arhitectura? Pentru constructia unei cladiri, diferenta poate fi de la pamant la cer, deoarece arhitectura digitala inglobeaza 5 dimensiuni in procesele sale.&#8221; hover_title_font_container=&#8221;color:%234103a5&#8243; hover_title_google_fonts=&#8221;font_family:Abel%3Aregular|font_style:400%20regular%3A400%3Anormal&#8221; use_custom_fonts_primary_title=&#8221;true&#8221; use_custom_fonts_hover_title=&#8221;true&#8221; primary_title_link=&#8221;url:https%3A%2F%2Fstirileprotv.ro%2Fs%2Fp-5d-in-arhitectura-digitala-care-sunt-celelalte-doua-dimensiuni-fata-de-abordarea-traditionala-3d.html&#8221; hover_title_link=&#8221;url:https%3A%2F%2Fstirileprotv.ro%2Fs%2Fp-5d-in-arhitectura-digitala-care-sunt-celelalte-doua-dimensiuni-fata-de-abordarea-traditionala-3d.html&#8221;]28 Iunie 2023[\/vc_hoverbox][vc_empty_space height=&#8221;10px&#8221;][vc_hoverbox image=&#8221;7047&#8243; primary_title=&#8221;Wall-Street.ro &#8211; Arh. George Cristescu, fondator Deco Architects: Oferim toata structura necesara pentru ca un arhitect sa performeze!&#8221; primary_title_font_container=&#8221;color:%23ffffff&#8221; primary_title_google_fonts=&#8221;font_family:Abel%3Aregular|font_style:400%20regular%3A400%3Anormal&#8221; hover_title=&#8221;&#8220;In echipa, am implementat toate masurile necesare pentru ca un arhitect la inceput de drum sa fie sustinut \u00een drumul spre a deveni expert, iar un arhitect expert sa poata sa mearga spre arta.&#8220;&#8221; hover_title_font_container=&#8221;color:%234103a5&#8243; hover_title_google_fonts=&#8221;font_family:Abel%3Aregular|font_style:400%20regular%3A400%3Anormal&#8221; use_custom_fonts_primary_title=&#8221;true&#8221; use_custom_fonts_hover_title=&#8221;true&#8221; primary_title_link=&#8221;url:https%3A%2F%2Fwww.wall-street.ro%2Farticol%2FEducatie%2F296611%2Farh-george-cristescu-fondator-deco-architects-oferim-toata-structura-necesara-pentru-ca-un-arhitect-sa-performeze.html%23gref&#8221; hover_title_link=&#8221;url:https%3A%2F%2Fwww.wall-street.ro%2Farticol%2FEducatie%2F296611%2Farh-george-cristescu-fondator-deco-architects-oferim-toata-structura-necesara-pentru-ca-un-arhitect-sa-performeze.html%23gref&#8221;]24 Aprilie 2023[\/vc_hoverbox][vc_empty_space height=&#8221;10px&#8221;][vc_hoverbox image=&#8221;5749&#8243; primary_title=&#8221;Agenda Constructiilor &#8211; Noua generatie de cladiri de birouri, in era post-Covid&#8221; primary_title_font_container=&#8221;color:%23ffffff&#8221; primary_title_google_fonts=&#8221;font_family:Abel%3Aregular|font_style:400%20regular%3A400%3Anormal&#8221; hover_title=&#8221;Noi tendinte: spatiul va fi valorificat cu adevarat!&#8221; hover_title_font_container=&#8221;color:%234103a5&#8243; hover_title_google_fonts=&#8221;font_family:Abel%3Aregular|font_style:400%20regular%3A400%3Anormal&#8221; use_custom_fonts_primary_title=&#8221;true&#8221; use_custom_fonts_hover_title=&#8221;true&#8221; primary_title_link=&#8221;url:https%3A%2F%2Fwww.agendaconstructiilor.ro%2Ffiles%2Farhitectura-proiectare%2Fdeco-architects-noua-generatie-de-cladiri-de-birouri-in-era-post-covid.html&#8221; hover_title_link=&#8221;url:https%3A%2F%2Fwww.agendaconstructiilor.ro%2Ffiles%2Farhitectura-proiectare%2Fdeco-architects-noua-generatie-de-cladiri-de-birouri-in-era-post-covid.html&#8221;]21 Martie 2022[\/vc_hoverbox][vc_empty_space height=&#8221;10px&#8221;][vc_hoverbox image=&#8221;5202&#8243; primary_title=&#8221;eComunicate.ro &#8211; Arh. George Cristescu, despre cum s-a schimbat arhitectura \u00een umbra pandemiei&#8221; primary_title_font_container=&#8221;color:%23ffffff&#8221; primary_title_google_fonts=&#8221;font_family:Abel%3Aregular|font_style:400%20regular%3A400%3Anormal&#8221; hover_title=&#8221;Nu doar domeniul medicinei s-a schimbat: ne-am transformat casele \u00een restaurant, \u00een birou, \u00een scoala si cafenea \u00een acelasi timp.&#8221; hover_title_font_container=&#8221;color:%234103a5&#8243; hover_title_google_fonts=&#8221;font_family:Abel%3Aregular|font_style:400%20regular%3A400%3Anormal&#8221; use_custom_fonts_primary_title=&#8221;true&#8221; use_custom_fonts_hover_title=&#8221;true&#8221; primary_title_link=&#8221;url:https%3A%2F%2Fwww.ecomunicate.ro%2Farticole%2Farh-george-cristescu-despre-cum-s-a-schimbat-arhitectura-in-umbra-pandemiei%2F&#8221; hover_title_link=&#8221;url:https%3A%2F%2Fwww.ecomunicate.ro%2Farticole%2Farh-george-cristescu-despre-cum-s-a-schimbat-arhitectura-in-umbra-pandemiei%2F&#8221;]16 Februarie 2022[\/vc_hoverbox][vc_empty_space height=&#8221;10px&#8221;][vc_hoverbox image=&#8221;5988&#8243; primary_title=&#8221;Agenda Constructiilor &#8211; Creste interesul pentru cladiri verzi si proiecte mixed-use&#8221; primary_title_font_container=&#8221;color:%23ffffff&#8221; primary_title_google_fonts=&#8221;font_family:Abel%3Aregular|font_style:400%20regular%3A400%3Anormal&#8221; hover_title=&#8221;In ultimele 12 luni am sesizat o modificare a cererii de proiecte, a temei de proiectare. Cladirile de birouri au fost cele mai afectate. Modul de lucru de acasa si apoi cel hibrid au reconfigurat cerintele marilor companii care inchiriaza birouri.&#8221; hover_title_font_container=&#8221;color:%234103a5&#8243; hover_title_google_fonts=&#8221;font_family:Abel%3Aregular|font_style:400%20regular%3A400%3Anormal&#8221; use_custom_fonts_primary_title=&#8221;true&#8221; use_custom_fonts_hover_title=&#8221;true&#8221; primary_title_link=&#8221;url:https%3A%2F%2Fwww.agendaconstructiilor.ro%2Ffiles%2Farhitectura-proiectare%2Fdeco-architects-creste-interesul-pentru-cladiri-verzi-si-proiecte-mixed-use.html&#8221; hover_title_link=&#8221;url:https%3A%2F%2Fwww.agendaconstructiilor.ro%2Ffiles%2Farhitectura-proiectare%2Fdeco-architects-creste-interesul-pentru-cladiri-verzi-si-proiecte-mixed-use.html&#8221;]16 August 2021[\/vc_hoverbox][\/vc_tta_section][\/vc_tta_pageable][\/vc_column][\/vc_row]<\/p>\n<\/section>","protected":false},"excerpt":{"rendered":"<p>[vc_row full_width=&#8221;stretch_row_content_no_spaces&#8221; parallax=&#8221;content-moving-fade&#8221; parallax_image=&#8221;6745&#8243; css=&#8221;.vc_custom_1707321845215{padding-top: 100px !important;padding-bottom: 125px !important;}&#8221;][vc_column][vc_column_text css_animation=&#8221;fadeIn&#8221;][\/vc_column_text][\/vc_column][\/vc_row][vc_row][vc_column][vc_tta_pageable][vc_tta_section title=&#8221;Section 1&#8243; tab_id=&#8221;1707123506915-a8286a62-9b05&#8243;][vc_hoverbox image=&#8221;6495&#8243; primary_title=&#8221;Capital.ro &#8211; Arhitectura \u00een&#8230; <a class=\"excerpt-read-more\" href=\"https:\/\/www.decoarchitects.ro\/ro\/media\/\"><span>Continue Reading<\/span><\/a><\/p>\n","protected":false},"author":2,"featured_media":0,"parent":0,"menu_order":0,"comment_status":"closed","ping_status":"closed","template":"","meta":{"ub_ctt_via":"","footnotes":""},"featured_image_src":null,"yoast_head":"<!-- This site is optimized with the Yoast SEO plugin v21.5 - https:\/\/yoast.com\/wordpress\/plugins\/seo\/ -->\n<title>Media - Deco Architects<\/title>\n<meta name=\"description\" content=\"Oferim asisten\u0163\u0103 360 grade pentru clien\u0163i, \u00een fiecare faz\u0103 a proiectului. Ne poti contacta cu ajutorul formularului sau direct la telefon.\" \/>\n<meta name=\"robots\" content=\"index, follow, max-snippet:-1, max-image-preview:large, max-video-preview:-1\" \/>\n<link rel=\"canonical\" href=\"https:\/\/www.decoarchitects.ro\/ro\/media\/\" \/>\n<meta name=\"twitter:card\" content=\"summary_large_image\" \/>\n<meta name=\"twitter:title\" content=\"Media - Deco Architects\" \/>\n<meta name=\"twitter:description\" content=\"Oferim asisten\u0163\u0103 360 grade pentru clien\u0163i, \u00een fiecare faz\u0103 a proiectului. Ne poti contacta cu ajutorul formularului sau direct la telefon.\" \/>\n<meta name=\"twitter:label1\" content=\"Timp estimat pentru citire\" \/>\n\t<meta name=\"twitter:data1\" content=\"1 minut\" \/>\n<script type=\"application\/ld+json\" class=\"yoast-schema-graph\">{\"@context\":\"https:\/\/schema.org\",\"@graph\":[{\"@type\":\"WebPage\",\"@id\":\"https:\/\/www.decoarchitects.ro\/ro\/media\/\",\"url\":\"https:\/\/www.decoarchitects.ro\/ro\/media\/\",\"name\":\"Media - Deco Architects\",\"isPartOf\":{\"@id\":\"https:\/\/www.decoarchitects.ro\/#website\"},\"datePublished\":\"2024-02-06T12:42:36+00:00\",\"dateModified\":\"2024-02-07T16:06:46+00:00\",\"description\":\"Oferim asisten\u0163\u0103 360 grade pentru clien\u0163i, \u00een fiecare faz\u0103 a proiectului. Ne poti contacta cu ajutorul formularului sau direct la telefon.\",\"breadcrumb\":{\"@id\":\"https:\/\/www.decoarchitects.ro\/ro\/media\/#breadcrumb\"},\"inLanguage\":\"ro-RO\",\"potentialAction\":[{\"@type\":\"ReadAction\",\"target\":[\"https:\/\/www.decoarchitects.ro\/ro\/media\/\"]}]},{\"@type\":\"BreadcrumbList\",\"@id\":\"https:\/\/www.decoarchitects.ro\/ro\/media\/#breadcrumb\",\"itemListElement\":[{\"@type\":\"ListItem\",\"position\":1,\"name\":\"Acas\u0103\",\"item\":\"https:\/\/www.decoarchitects.ro\/\"},{\"@type\":\"ListItem\",\"position\":2,\"name\":\"Media\"}]},{\"@type\":\"WebSite\",\"@id\":\"https:\/\/www.decoarchitects.ro\/#website\",\"url\":\"https:\/\/www.decoarchitects.ro\/\",\"name\":\"Deco Architects\",\"description\":\"\",\"potentialAction\":[{\"@type\":\"SearchAction\",\"target\":{\"@type\":\"EntryPoint\",\"urlTemplate\":\"https:\/\/www.decoarchitects.ro\/?s={search_term_string}\"},\"query-input\":\"required name=search_term_string\"}],\"inLanguage\":\"ro-RO\"}]}<\/script>\n<!-- \/ Yoast SEO plugin. -->","yoast_head_json":{"title":"Media - Deco Architects","description":"Oferim asisten\u0163\u0103 360 grade pentru clien\u0163i, \u00een fiecare faz\u0103 a proiectului. Ne poti contacta cu ajutorul formularului sau direct la telefon.","robots":{"index":"index","follow":"follow","max-snippet":"max-snippet:-1","max-image-preview":"max-image-preview:large","max-video-preview":"max-video-preview:-1"},"canonical":"https:\/\/www.decoarchitects.ro\/ro\/media\/","twitter_card":"summary_large_image","twitter_title":"Media - Deco Architects","twitter_description":"Oferim asisten\u0163\u0103 360 grade pentru clien\u0163i, \u00een fiecare faz\u0103 a proiectului. Ne poti contacta cu ajutorul formularului sau direct la telefon.","twitter_misc":{"Timp estimat pentru citire":"1 minut"},"schema":{"@context":"https:\/\/schema.org","@graph":[{"@type":"WebPage","@id":"https:\/\/www.decoarchitects.ro\/ro\/media\/","url":"https:\/\/www.decoarchitects.ro\/ro\/media\/","name":"Media - Deco Architects","isPartOf":{"@id":"https:\/\/www.decoarchitects.ro\/#website"},"datePublished":"2024-02-06T12:42:36+00:00","dateModified":"2024-02-07T16:06:46+00:00","description":"Oferim asisten\u0163\u0103 360 grade pentru clien\u0163i, \u00een fiecare faz\u0103 a proiectului. Ne poti contacta cu ajutorul formularului sau direct la telefon.","breadcrumb":{"@id":"https:\/\/www.decoarchitects.ro\/ro\/media\/#breadcrumb"},"inLanguage":"ro-RO","potentialAction":[{"@type":"ReadAction","target":["https:\/\/www.decoarchitects.ro\/ro\/media\/"]}]},{"@type":"BreadcrumbList","@id":"https:\/\/www.decoarchitects.ro\/ro\/media\/#breadcrumb","itemListElement":[{"@type":"ListItem","position":1,"name":"Acas\u0103","item":"https:\/\/www.decoarchitects.ro\/"},{"@type":"ListItem","position":2,"name":"Media"}]},{"@type":"WebSite","@id":"https:\/\/www.decoarchitects.ro\/#website","url":"https:\/\/www.decoarchitects.ro\/","name":"Deco Architects","description":"","potentialAction":[{"@type":"SearchAction","target":{"@type":"EntryPoint","urlTemplate":"https:\/\/www.decoarchitects.ro\/?s={search_term_string}"},"query-input":"required name=search_term_string"}],"inLanguage":"ro-RO"}]}},"_links":{"self":[{"href":"https:\/\/www.decoarchitects.ro\/ro\/wp-json\/wp\/v2\/pages\/7092"}],"collection":[{"href":"https:\/\/www.decoarchitects.ro\/ro\/wp-json\/wp\/v2\/pages"}],"about":[{"href":"https:\/\/www.decoarchitects.ro\/ro\/wp-json\/wp\/v2\/types\/page"}],"author":[{"embeddable":true,"href":"https:\/\/www.decoarchitects.ro\/ro\/wp-json\/wp\/v2\/users\/2"}],"replies":[{"embeddable":true,"href":"https:\/\/www.decoarchitects.ro\/ro\/wp-json\/wp\/v2\/comments?post=7092"}],"version-history":[{"count":11,"href":"https:\/\/www.decoarchitects.ro\/ro\/wp-json\/wp\/v2\/pages\/7092\/revisions"}],"predecessor-version":[{"id":7152,"href":"https:\/\/www.decoarchitects.ro\/ro\/wp-json\/wp\/v2\/pages\/7092\/revisions\/7152"}],"wp:attachment":[{"href":"https:\/\/www.decoarchitects.ro\/ro\/wp-json\/wp\/v2\/media?parent=7092"}],"curies":[{"name":"wp","href":"https:\/\/api.w.org\/{rel}","templated":true}]}}